{"id":5296,"date":"2017-03-02T19:32:38","date_gmt":"2017-03-02T18:32:38","guid":{"rendered":"http:\/\/www.impulse-online.de\/wordpress\/?page_id=5296"},"modified":"2017-03-12T21:47:55","modified_gmt":"2017-03-12T20:47:55","slug":"abgeschlossene-projekte","status":"publish","type":"page","link":"https:\/\/www.impulse-online.de\/wordpress\/abgeschlossene-projekte\/","title":{"rendered":"Abgeschlossene Projekte"},"content":{"rendered":"<p>Das haben wir bereits geschafft!<\/p>\n<p>ymcbuy<br \/>\nGespendete Dinge bei ebay verkaufen zu Gunsten des CVJM Baden<\/p>\n<p>impulse<br \/>\nEin Jugendgottesdienst f\u00fcr die Region Enz-Pfinz<\/p>\n<p>together<br \/>\nEin Jugendgottesdienst f\u00fcr die Region Hardt<\/p>\n<p>JuMit<br \/>\nEin Treffen f\u00fcr junge Erwachsene in der CVJM Jugendarbeit<\/p>\n<p>Kirchentag Stuttgart<br \/>\nGestaltung eines Gottesdienstes<\/p>\n<p>CVJM Badentag<br \/>\nLandestreffen der CVJM Badenfreunde : Technik, Vortr\u00e4ge<\/p>\n<p>Christival 2016 Karlsruhe<br \/>\nWir haben w\u00e4hrend des Christival im Baden Zelt f\u00fcr gutes Essen und gute Stimmung gesorgt<\/p>\n<p>Soundnight<br \/>\nKonzertserie des CVJM K\u00f6nigsbach : Technik<\/p>\n<p>Landesjungscharlager<br \/>\nDas gro\u00dfe Jungsschartreffen : Technik<\/p>\n","protected":false},"excerpt":{"rendered":"<p>Das haben wir bereits geschafft! ymcbuy Gespendete Dinge bei ebay verkaufen zu Gunsten des CVJM Baden impulse Ein Jugendgottesdienst f\u00fcr die Region Enz-Pfinz together Ein Jugendgottesdienst f\u00fcr die Region Hardt JuMit Ein Treffen f\u00fcr junge Erwachsene in der CVJM Jugendarbeit&#8230; <a class=\"more-link\" href=\"https:\/\/www.impulse-online.de\/wordpress\/abgeschlossene-projekte\/\">Weiterlesen &rarr;<\/a><\/p>\n","protected":false},"author":2,"featured_media":0,"parent":0,"menu_order":0,"comment_status":"closed","ping_status":"closed","template":"","meta":{"footnotes":""},"class_list":["post-5296","page","type-page","status-publish","hentry"],"_links":{"self":[{"href":"https:\/\/www.impulse-online.de\/wordpress\/wp-json\/wp\/v2\/pages\/5296","targetHints":{"allow":["GET"]}}],"collection":[{"href":"https:\/\/www.impulse-online.de\/wordpress\/wp-json\/wp\/v2\/pages"}],"about":[{"href":"https:\/\/www.impulse-online.de\/wordpress\/wp-json\/wp\/v2\/types\/page"}],"author":[{"embeddable":true,"href":"https:\/\/www.impulse-online.de\/wordpress\/wp-json\/wp\/v2\/users\/2"}],"replies":[{"embeddable":true,"href":"https:\/\/www.impulse-online.de\/wordpress\/wp-json\/wp\/v2\/comments?post=5296"}],"version-history":[{"count":7,"href":"https:\/\/www.impulse-online.de\/wordpress\/wp-json\/wp\/v2\/pages\/5296\/revisions"}],"predecessor-version":[{"id":5439,"href":"https:\/\/www.impulse-online.de\/wordpress\/wp-json\/wp\/v2\/pages\/5296\/revisions\/5439"}],"wp:attachment":[{"href":"https:\/\/www.impulse-online.de\/wordpress\/wp-json\/wp\/v2\/media?parent=5296"}],"curies":[{"name":"wp","href":"https:\/\/api.w.org\/{rel}","templated":true}]}}