{"id":25,"date":"2006-09-13T23:01:33","date_gmt":"2006-09-13T22:01:33","guid":{"rendered":"http:\/\/www.impulse-online.de\/wordpress\/?page_id=25"},"modified":"2017-03-02T19:45:13","modified_gmt":"2017-03-02T18:45:13","slug":"ojkhojh","status":"publish","type":"page","link":"https:\/\/www.impulse-online.de\/wordpress\/ojkhojh\/","title":{"rendered":"CVJM"},"content":{"rendered":"<p><img src='http:\/\/www.impulse-online.de\/wordpress\/wp-content\/uploads\/2007\/05\/cvjm_logo_fuer_web.gif' alt='cvjm' \/><br \/>\nCVJM ist eine internationale christliche Jugendorganistation. Mehr Informationen gibts es auch in der <a href=\"http:\/\/de.wikipedia.org\/wiki\/CVJM\">Wikipedia<\/a>.<\/p>\n<p>Links zu weiteren CVJM Organisationen:<br \/><a href=\"http:\/\/www.cvjmbaden.de\">CVJM Baden e.V.<\/a><br \/><a href=\"http:\/\/www.cvjm.de\">CVJM Deutschland<\/a><br \/><a href=\"http:\/\/www.ymcaeurope.com\/\">CVJM Europa<\/a><br \/><a href=\"http:\/\/www.ymca.int\">CVJM Weltbund<\/a><\/p>\n<p>&#8222;Pariser Basis&#8220;<\/p>\n<p>&#8222;Die Christlichen Vereine Junger M\u00e4nner haben den Zweck, solche jungen M\u00e4nner miteinander zu verbinden, welche Jesus Christus nach der Heiligen Schrift als ihren Gott und Heiland anerkennen, in ihrem Glauben und Leben seine J\u00fcnger sein und gemeinsam danach trachten wollen, das Reich ihres Meisters unter jungen M\u00e4nnern auszubreiten. Keine an sich noch so wichtigen Meinungsverschiedenheiten \u00fcber Angelegenheiten, die diesem Zweck fremd sind, sollten die Eintracht br\u00fcderlicher Beziehungen unter den nationalen Mitgliedsverb\u00e4nden des Weltbundes st\u00f6ren.&#8220;<\/p>\n<p>(Paris, 1855)<\/p>\n<p>Die CVJM sind als eine Vereinigung junger M\u00e4nner entstanden. Heute steht die Mitgliedschaft allen offen. M\u00e4nner und Frauen, Jungen und M\u00e4dchen aus allen V\u00f6lkern, Konfessionen und sozialen Schichten bilden die weltweite Gemeinschaft im CVJM. Die &#8222;Pariser Basis&#8220; gilt heute im CVJM-Gesamtverband in Deutschland e.V. f\u00fcr die Arbeit mit allen jungen Menschen. <\/p>\n","protected":false},"excerpt":{"rendered":"<p>CVJM ist eine internationale christliche Jugendorganistation. Mehr Informationen gibts es auch in der Wikipedia. Links zu weiteren CVJM Organisationen:CVJM Baden e.V.CVJM DeutschlandCVJM EuropaCVJM Weltbund &#8222;Pariser Basis&#8220; &#8222;Die Christlichen Vereine Junger M\u00e4nner haben den Zweck, solche jungen M\u00e4nner miteinander zu verbinden,&#8230; <a class=\"more-link\" href=\"https:\/\/www.impulse-online.de\/wordpress\/ojkhojh\/\">Weiterlesen &rarr;<\/a><\/p>\n","protected":false},"author":1,"featured_media":0,"parent":0,"menu_order":80,"comment_status":"open","ping_status":"open","template":"","meta":{"footnotes":""},"class_list":["post-25","page","type-page","status-publish","hentry"],"_links":{"self":[{"href":"https:\/\/www.impulse-online.de\/wordpress\/wp-json\/wp\/v2\/pages\/25","targetHints":{"allow":["GET"]}}],"collection":[{"href":"https:\/\/www.impulse-online.de\/wordpress\/wp-json\/wp\/v2\/pages"}],"about":[{"href":"https:\/\/www.impulse-online.de\/wordpress\/wp-json\/wp\/v2\/types\/page"}],"author":[{"embeddable":true,"href":"https:\/\/www.impulse-online.de\/wordpress\/wp-json\/wp\/v2\/users\/1"}],"replies":[{"embeddable":true,"href":"https:\/\/www.impulse-online.de\/wordpress\/wp-json\/wp\/v2\/comments?post=25"}],"version-history":[{"count":6,"href":"https:\/\/www.impulse-online.de\/wordpress\/wp-json\/wp\/v2\/pages\/25\/revisions"}],"predecessor-version":[{"id":5305,"href":"https:\/\/www.impulse-online.de\/wordpress\/wp-json\/wp\/v2\/pages\/25\/revisions\/5305"}],"wp:attachment":[{"href":"https:\/\/www.impulse-online.de\/wordpress\/wp-json\/wp\/v2\/media?parent=25"}],"curies":[{"name":"wp","href":"https:\/\/api.w.org\/{rel}","templated":true}]}}