{"id":5288,"date":"2017-03-02T19:13:43","date_gmt":"2017-03-02T18:13:43","guid":{"rendered":"http:\/\/www.impulse-online.de\/wordpress\/?page_id=5288"},"modified":"2026-04-09T20:41:35","modified_gmt":"2026-04-09T19:41:35","slug":"public-zu-hause-bei-impulse","status":"publish","type":"page","link":"http:\/\/www.impulse-online.de\/wordpress\/abgeschlossene-projekte\/public-zu-hause-bei-impulse\/","title":{"rendered":"PUBlic &#8211; zu Hause bei impulse"},"content":{"rendered":"<div id=\"attachment_5400\" style=\"width: 310px\" class=\"wp-caption alignnone\"><img loading=\"lazy\" decoding=\"async\" aria-describedby=\"caption-attachment-5400\" src=\"http:\/\/www.impulse-online.de\/wordpress\/wp-content\/uploads\/2017\/03\/2017_pulic_logo_white_bg-300x300.jpg\" alt=\"PUBlic - zu Hause bei impulse\" width=\"300\" height=\"300\" class=\"size-medium wp-image-5400\" srcset=\"http:\/\/www.impulse-online.de\/wordpress\/wp-content\/uploads\/2017\/03\/2017_pulic_logo_white_bg-300x300.jpg 300w, http:\/\/www.impulse-online.de\/wordpress\/wp-content\/uploads\/2017\/03\/2017_pulic_logo_white_bg-150x150.jpg 150w, http:\/\/www.impulse-online.de\/wordpress\/wp-content\/uploads\/2017\/03\/2017_pulic_logo_white_bg-768x768.jpg 768w, http:\/\/www.impulse-online.de\/wordpress\/wp-content\/uploads\/2017\/03\/2017_pulic_logo_white_bg-1024x1024.jpg 1024w\" sizes=\"auto, (max-width: 300px) 100vw, 300px\" \/><p id=\"caption-attachment-5400\" class=\"wp-caption-text\">PUBlic &#8211; zu Hause bei impulse<\/p><\/div>\n<p>Wer uns als IMPULSE wie ZUHAUSE erleben m\u00f6chte, wer mit am Start sein will, wenn es um Gespr\u00e4che \u00fcber das Leben und die Welt geht, wer einfach Lust hat, uns zu oder andere treffen, zu quatschen und mit netten Leuten einen besonderen Sonntag Nachmittag erleben m\u00f6chte, der ist bei PUBlic am richtigen Platz. KOMM wenn du Zeit hast, wir warten auf dich!&nbsp;<\/p>\n<p>#zuhausebeiimpulse&nbsp;#public&nbsp;#bringdeinefeundemit&nbsp;#kidsarewelcome<\/p>\n<p>Am besten einfach unseren Email-Newsletter abonnierne oder und bei Facebook reinschauen!<\/p>\n<p><a href=\"https:\/\/www.instagram.com\/cvjm.public\/\"><img loading=\"lazy\" decoding=\"async\" src=\"http:\/\/www.impulse-online.de\/wordpress\/wp-content\/uploads\/2017\/03\/Instagram_AppIcon-e1489338800113-150x150.jpg\" alt=\"PUBlic bei instagram\" width=\"150\" height=\"150\" class=\"alignnone size-thumbnail wp-image-5414\" \/><\/a><\/p>\n<p><a href=\"https:\/\/www.facebook.com\/PUBlic-Zuhause-bei-Impulse-383664222004900\/?fref=ts\"><img loading=\"lazy\" decoding=\"async\" src=\"http:\/\/www.impulse-online.de\/wordpress\/wp-content\/uploads\/2011\/05\/image001.png\" alt=\"PUBlic bei Facebook\" width=\"143\" height=\"54\" class=\"alignnone size-full wp-image-1372\" \/><\/a><\/p>\n<p><h4>Hier findet ihr noch weitere Bilder:<\/h4>\n<\/p>\n<p>[ngg_images source=&#8220;galleries&#8220; container_ids=&#8220;70&#8243; display_type=&#8220;photocrati-nextgen_basic_thumbnails&#8220; override_thumbnail_settings=&#8220;0&#8243; thumbnail_width=&#8220;100&#8243; thumbnail_height=&#8220;75&#8243; thumbnail_crop=&#8220;1&#8243; images_per_page=&#8220;20&#8243; number_of_columns=&#8220;4&#8243; ajax_pagination=&#8220;1&#8243; show_all_in_lightbox=&#8220;0&#8243; use_imagebrowser_effect=&#8220;0&#8243; show_slideshow_link=&#8220;0&#8243; slideshow_link_text=&#8220;[Zeige als Diashow]&#8220; order_by=&#8220;sortorder&#8220; order_direction=&#8220;ASC&#8220; returns=&#8220;included&#8220; maximum_entity_count=&#8220;500&#8243;]<\/p>\n","protected":false},"excerpt":{"rendered":"<p>Wer uns als IMPULSE wie ZUHAUSE erleben m\u00f6chte, wer mit am Start sein will, wenn es um Gespr\u00e4che \u00fcber das Leben und die Welt geht, wer einfach Lust hat, uns zu oder andere treffen, zu quatschen und mit netten Leuten&#8230; <a class=\"more-link\" href=\"http:\/\/www.impulse-online.de\/wordpress\/abgeschlossene-projekte\/public-zu-hause-bei-impulse\/\">Weiterlesen &rarr;<\/a><\/p>\n","protected":false},"author":2,"featured_media":5377,"parent":5296,"menu_order":0,"comment_status":"closed","ping_status":"closed","template":"","meta":{"footnotes":""},"class_list":["post-5288","page","type-page","status-publish","has-post-thumbnail","hentry"],"_links":{"self":[{"href":"http:\/\/www.impulse-online.de\/wordpress\/wp-json\/wp\/v2\/pages\/5288","targetHints":{"allow":["GET"]}}],"collection":[{"href":"http:\/\/www.impulse-online.de\/wordpress\/wp-json\/wp\/v2\/pages"}],"about":[{"href":"http:\/\/www.impulse-online.de\/wordpress\/wp-json\/wp\/v2\/types\/page"}],"author":[{"embeddable":true,"href":"http:\/\/www.impulse-online.de\/wordpress\/wp-json\/wp\/v2\/users\/2"}],"replies":[{"embeddable":true,"href":"http:\/\/www.impulse-online.de\/wordpress\/wp-json\/wp\/v2\/comments?post=5288"}],"version-history":[{"count":25,"href":"http:\/\/www.impulse-online.de\/wordpress\/wp-json\/wp\/v2\/pages\/5288\/revisions"}],"predecessor-version":[{"id":5458,"href":"http:\/\/www.impulse-online.de\/wordpress\/wp-json\/wp\/v2\/pages\/5288\/revisions\/5458"}],"up":[{"embeddable":true,"href":"http:\/\/www.impulse-online.de\/wordpress\/wp-json\/wp\/v2\/pages\/5296"}],"wp:featuredmedia":[{"embeddable":true,"href":"http:\/\/www.impulse-online.de\/wordpress\/wp-json\/wp\/v2\/media\/5377"}],"wp:attachment":[{"href":"http:\/\/www.impulse-online.de\/wordpress\/wp-json\/wp\/v2\/media?parent=5288"}],"curies":[{"name":"wp","href":"https:\/\/api.w.org\/{rel}","templated":true}]}}